{"id":58,"date":"2023-03-06T12:06:30","date_gmt":"2023-03-06T12:06:30","guid":{"rendered":"http:\/\/hotelasvegas.net\/?page_id=58"},"modified":"2025-09-19T16:52:28","modified_gmt":"2025-09-19T16:52:28","slug":"restaurante","status":"publish","type":"page","link":"https:\/\/hotelasvegas.net\/index.php\/restaurante\/","title":{"rendered":"Restaurante"},"content":{"rendered":"\n<p>\u00abA lo largo de todos estos a\u00f1os hemos ido horneando nuestro sitio en la gastronom\u00eda burgalesa, con platos de toda la vida como el Lechazo Asado o nuestra afamada Merluza al Abuelo, pero tambi\u00e9n con nuestras m\u00e1s recientes creaciones como el Lingote de Toro o el Wonton Burgal\u00e9s.<\/p>\n\n\n\n<p>Siempre aunando la tradici\u00f3n familiar que nos caracteriza con la calidad y el cari\u00f1o en todo lo que ofrecemos\u00bb.<\/p>\n\n\n\n<hr class=\"wp-block-separator has-alpha-channel-opacity\"\/>\n\n\n\n<div class=\"wp-block-media-text alignwide is-stacked-on-mobile\"><figure class=\"wp-block-media-text__media\"><img decoding=\"async\" loading=\"lazy\" width=\"1000\" height=\"563\" src=\"http:\/\/hotelasvegas.net\/wp-content\/uploads\/2023\/03\/menu_del_dia.jpg\" alt=\"\" class=\"wp-image-104 size-full\" srcset=\"https:\/\/hotelasvegas.net\/wp-content\/uploads\/2023\/03\/menu_del_dia.jpg 1000w, https:\/\/hotelasvegas.net\/wp-content\/uploads\/2023\/03\/menu_del_dia-300x169.jpg 300w, https:\/\/hotelasvegas.net\/wp-content\/uploads\/2023\/03\/menu_del_dia-768x432.jpg 768w\" sizes=\"(max-width: 1000px) 100vw, 1000px\" \/><\/figure><div class=\"wp-block-media-text__content\">\n<h2>MEN\u00da DEL D\u00cdA     <\/h2>\n\n\n\n<p>Cada d\u00eda nuestro chef elabora un men\u00fa diferente.<\/p>\n\n\n\n<p>A elegir primero, segundo plato y postre; con pan, vino y agua incluidos.<\/p>\n<\/div><\/div>\n\n\n\n<hr class=\"wp-block-separator has-alpha-channel-opacity\"\/>\n\n\n\n<div class=\"wp-block-media-text alignwide is-stacked-on-mobile\"><figure class=\"wp-block-media-text__media\"><img decoding=\"async\" loading=\"lazy\" width=\"1024\" height=\"576\" src=\"http:\/\/hotelasvegas.net\/wp-content\/uploads\/2023\/03\/menu-fin-de-semana-tres-cantos-1-1024x576.jpg\" alt=\"\" class=\"wp-image-105 size-full\" srcset=\"https:\/\/hotelasvegas.net\/wp-content\/uploads\/2023\/03\/menu-fin-de-semana-tres-cantos-1-1024x576.jpg 1024w, https:\/\/hotelasvegas.net\/wp-content\/uploads\/2023\/03\/menu-fin-de-semana-tres-cantos-1-300x169.jpg 300w, https:\/\/hotelasvegas.net\/wp-content\/uploads\/2023\/03\/menu-fin-de-semana-tres-cantos-1-768x432.jpg 768w, https:\/\/hotelasvegas.net\/wp-content\/uploads\/2023\/03\/menu-fin-de-semana-tres-cantos-1.jpg 1260w\" sizes=\"(max-width: 1024px) 100vw, 1024px\" \/><\/figure><div class=\"wp-block-media-text__content\">\n<h2>MEN\u00da FIN DE SEMANA   <\/h2>\n\n\n\n<blockquote class=\"wp-block-quote\">\n<p><strong>PRIMEROS<\/strong><\/p>\n<\/blockquote>\n\n\n\n<blockquote class=\"wp-block-quote\">\n<p><strong>SEGUNDOS<\/strong><\/p>\n<\/blockquote>\n\n\n\n<blockquote class=\"wp-block-quote\">\n<p><strong>POSTRES<\/strong><\/p>\n<\/blockquote>\n\n\n\n<blockquote class=\"wp-block-quote\">\n<p><\/p>\n<cite>Incluye pan, vino y agua<\/cite><\/blockquote>\n<\/div><\/div>\n\n\n\n<hr class=\"wp-block-separator has-alpha-channel-opacity\"\/>\n\n\n\n<div class=\"wp-block-media-text alignwide is-stacked-on-mobile\"><figure class=\"wp-block-media-text__media\"><img decoding=\"async\" loading=\"lazy\" width=\"1024\" height=\"576\" src=\"http:\/\/hotelasvegas.net\/wp-content\/uploads\/2023\/03\/sistema-horario-12-horas-am-pm-1024x576.jpg\" alt=\"\" class=\"wp-image-113 size-full\" srcset=\"https:\/\/hotelasvegas.net\/wp-content\/uploads\/2023\/03\/sistema-horario-12-horas-am-pm-1024x576.jpg 1024w, https:\/\/hotelasvegas.net\/wp-content\/uploads\/2023\/03\/sistema-horario-12-horas-am-pm-300x169.jpg 300w, https:\/\/hotelasvegas.net\/wp-content\/uploads\/2023\/03\/sistema-horario-12-horas-am-pm-768x432.jpg 768w, https:\/\/hotelasvegas.net\/wp-content\/uploads\/2023\/03\/sistema-horario-12-horas-am-pm.jpg 1200w\" sizes=\"(max-width: 1024px) 100vw, 1024px\" \/><\/figure><div class=\"wp-block-media-text__content\">\n<blockquote class=\"wp-block-quote\">\n<p><strong>HORARIOS<\/strong><\/p>\n<cite><strong>DESAYUNO:<\/strong> <br>de lunes a viernes: de 7:00 a 10:30 <br>s\u00e1bados y domingos: de 7:30 a 10:30 <br><strong>COMIDA:<\/strong> de 13:00 a 15:30 <br><strong>CENA:<\/strong> de 20:30 a 22:15<\/cite><\/blockquote>\n\n\n\n<p><\/p>\n<\/div><\/div>\n\n\n\n<hr class=\"wp-block-separator has-alpha-channel-opacity\"\/>\n","protected":false},"excerpt":{"rendered":"<p>\u00abA lo largo de todos estos a\u00f1os hemos ido horneando nuestro sitio en la gastronom\u00eda burgalesa, con platos de toda la vida como el Lechazo Asado o nuestra afamada Merluza al Abuelo, pero tambi\u00e9n con nuestras m\u00e1s recientes creaciones como el Lingote de Toro o el Wonton Burgal\u00e9s. Siempre aunando la tradici\u00f3n familiar que nos &hellip; <\/p>\n<p class=\"link-more\"><a href=\"https:\/\/hotelasvegas.net\/index.php\/restaurante\/\" class=\"more-link\">Read more<span class=\"screen-reader-text\"> \u00abRestaurante\u00bb<\/span><\/a><\/p>\n","protected":false},"author":1,"featured_media":100,"parent":0,"menu_order":0,"comment_status":"closed","ping_status":"closed","template":"","meta":[],"_links":{"self":[{"href":"https:\/\/hotelasvegas.net\/index.php\/wp-json\/wp\/v2\/pages\/58"}],"collection":[{"href":"https:\/\/hotelasvegas.net\/index.php\/wp-json\/wp\/v2\/pages"}],"about":[{"href":"https:\/\/hotelasvegas.net\/index.php\/wp-json\/wp\/v2\/types\/page"}],"author":[{"embeddable":true,"href":"https:\/\/hotelasvegas.net\/index.php\/wp-json\/wp\/v2\/users\/1"}],"replies":[{"embeddable":true,"href":"https:\/\/hotelasvegas.net\/index.php\/wp-json\/wp\/v2\/comments?post=58"}],"version-history":[{"count":11,"href":"https:\/\/hotelasvegas.net\/index.php\/wp-json\/wp\/v2\/pages\/58\/revisions"}],"predecessor-version":[{"id":201,"href":"https:\/\/hotelasvegas.net\/index.php\/wp-json\/wp\/v2\/pages\/58\/revisions\/201"}],"wp:featuredmedia":[{"embeddable":true,"href":"https:\/\/hotelasvegas.net\/index.php\/wp-json\/wp\/v2\/media\/100"}],"wp:attachment":[{"href":"https:\/\/hotelasvegas.net\/index.php\/wp-json\/wp\/v2\/media?parent=58"}],"curies":[{"name":"wp","href":"https:\/\/api.w.org\/{rel}","templated":true}]}}