{"id":63,"date":"2023-03-06T12:06:30","date_gmt":"2023-03-06T12:06:30","guid":{"rendered":"http:\/\/hotelasvegas.net\/?page_id=63"},"modified":"2026-04-15T13:56:41","modified_gmt":"2026-04-15T13:56:41","slug":"cafeteria","status":"publish","type":"page","link":"https:\/\/hotelasvegas.net\/index.php\/cafeteria\/","title":{"rendered":"Cafeter\u00eda"},"content":{"rendered":"\n<h3>Fuentes combinadas<\/h3>\n\n\n\n<p>1.- <strong>Huevos fritos, chorizo, morcilla, bacon y patatas<\/strong>  10,00 \u20ac<\/p>\n\n\n\n<p>2.- <strong>Tortilla de jam\u00f3n y queso, croquetas, calamares, ensalada y patatas<\/strong>  10,00 \u20ac<\/p>\n\n\n\n<p>3.- <strong>Tortilla de bonito, chorizo, morcilla, ensalada y patatas<\/strong>  10,00 \u20ac<\/p>\n\n\n\n<p>4.- <strong>Lomo adobado, calamares, ensaladilla rusa, pimientos y patatas<\/strong>  11,00 \u20ac<\/p>\n\n\n\n<p>5.- <strong>Filete de novillo, chorizo, morcilla, ensalada y patatas<\/strong>  12,00 \u20ac<\/p>\n\n\n\n<p>6.- <strong>Huevos fritos, salchichas, croquetas, ensalada y patatas<\/strong>  12,00 \u20ac<\/p>\n\n\n\n<p>7.- <strong>Pescado del d\u00eda, menestra, esp\u00e1rragos, ensalada y patatas<\/strong>  12,00 \u20ac<\/p>\n\n\n\n<hr class=\"wp-block-separator has-alpha-channel-opacity\"\/>\n\n\n\n<h3>Raciones<\/h3>\n\n\n\n<p><strong>Chorizo \u200b\u200b<\/strong>  7,00 \u20ac<\/p>\n\n\n\n<p><strong>Morcilla de Burgos IGP con pimientos <\/strong>8,00\u20ac <\/p>\n\n\n\n<p><strong>Jam\u00f3n serrano<\/strong>  10,00 \u20ac<\/p>\n\n\n\n<p><strong>Calamares<\/strong>  9,00 \u20ac<\/p>\n\n\n\n<p><strong>Queso Manchego<\/strong>  7,00 \u20ac<\/p>\n\n\n\n<p><strong>Pincho de tortilla<\/strong>  2,50 \u20ac<\/p>\n\n\n\n<p><strong>Ensaladilla rusa<\/strong>  6,00 \u20ac<\/p>\n\n\n\n<p><strong>Croquetas<\/strong>  6,00\u20ac<\/p>\n\n\n\n<p><strong>Bravas<\/strong>  3,50 \u20ac<\/p>\n\n\n\n<hr class=\"wp-block-separator has-alpha-channel-opacity\"\/>\n\n\n\n<h3>Bocadillos<\/h3>\n\n\n\n<p><strong>Tortilla francesa<\/strong>  4,50 \u20ac<\/p>\n\n\n\n<p><strong>Tortilla variada<\/strong>  5,50 \u20ac<\/p>\n\n\n\n<p><strong>Ternera <\/strong>7,50\u20ac<\/p>\n\n\n\n<p><strong>Lomo o pechuga de pollo<\/strong>  6,50 \u20ac<\/p>\n\n\n\n<p><strong>Jam\u00f3n serrano<\/strong>  6,00 \u20ac<\/p>\n\n\n\n<p><strong>Chorizo o salchich\u00f3n<\/strong>  5,00 \u20ac<\/p>\n\n\n\n<p><strong>Queso Manchego<\/strong>  5,00 \u20ac<\/p>\n\n\n\n<p><strong>Chorizo \u200b\u200bcocido<\/strong>  6,00 \u20ac<\/p>\n\n\n\n<p><strong>Bacon<\/strong>  6,50 \u20ac<\/p>\n\n\n\n<p><strong>Bacon y queso \/ Lomo y queso<\/strong>  7,50 \u20ac<\/p>\n\n\n\n<p><strong>Calamares<\/strong>  7,00 \u20ac<\/p>\n\n\n\n<hr class=\"wp-block-separator has-alpha-channel-opacity\"\/>\n\n\n\n<p><strong>Hamburguesas<\/strong><\/p>\n\n\n\n<p><strong>NORMAL<\/strong>. 8,00 \u20ac<\/p>\n\n\n\n<p>Carne de chulet\u00f3n madurada 60 d\u00edas, queso, lechuga, tomate y cebolla caramelizada<\/p>\n\n\n\n<p><strong>COMPLETA  <\/strong>11,00 \u20ac<\/p>\n\n\n\n<p>Carne de chulet\u00f3n madurada 60 d\u00edas, jam\u00f3n york, queso, bacon, huevo a la plancha, lechuga, tomate y cebolla caramelizada<\/p>\n\n\n\n<p><strong>WAGYU  <\/strong>14,00 \u20ac<\/p>\n\n\n\n<p>Carne de Wagyu procedente de Hokkaido, lechuga, cebolla morada, cecina y tomate deshidratado<\/p>\n\n\n\n<p><strong>POLLO CRISPY  <\/strong>7,00 \u20ac<\/p>\n\n\n\n<p>con lechuga tomate, queso y cebolla caramelizada<\/p>\n\n\n\n<hr class=\"wp-block-separator has-alpha-channel-opacity\"\/>\n\n\n\n<p><strong>SANDWICHES<\/strong><\/p>\n\n\n\n<p><strong>MIXTO  <\/strong>3,50 \u20ac<\/p>\n\n\n\n<p>Jam\u00f3n York y queso<\/p>\n\n\n\n<p><strong>VEGETAL  <\/strong>5,00 \u20ac<\/p>\n\n\n\n<p><strong>ESPECIAL  <\/strong>7,00 \u20ac<\/p>\n\n\n\n<p>Jam\u00f3n York y queso, vegetal y huevo a la plancha <\/p>\n\n\n\n<hr class=\"wp-block-separator has-alpha-channel-opacity\"\/>\n\n\n\n<h3>Huevos con patatas fritas y&#8230;<\/h3>\n\n\n\n<p><strong>Jam\u00f3n o bacon o lomo adobado o pechuga de pollo<\/strong> 8,00 \u20ac<\/p>\n\n\n\n<p><strong>Chorizo \u200b\u200bo morcilla <\/strong> 7,50 \u20ac<\/p>\n\n\n\n<p><strong>Bistec o churrasco <\/strong>10,00 \u20ac<\/p>\n\n\n\n<hr class=\"wp-block-separator has-alpha-channel-opacity\"\/>\n\n\n\n<h3>Ensaladas<\/h3>\n\n\n\n<p><strong>Lechuga, tomate y cebolla<\/strong>  4,00 \u20ac<\/p>\n\n\n\n<p><strong>Tomate<\/strong>  4,00 \u20ac<\/p>\n\n\n\n<p><strong>Mixta<\/strong>  6,00 \u20ac<\/p>\n\n\n\n<p><strong>Bonito y tomate<\/strong>  5,00 \u20ac<\/p>\n\n\n\n<hr class=\"wp-block-separator has-alpha-channel-opacity\"\/>\n\n\n\n<h3>Ingredientes Extra: <\/h3>\n\n\n\n<p>Queso, bacon, huevo a la plancha&#8230; 1,00\u20ac <\/p>\n\n\n\n<p>Lechuga, tomate, pimiento&#8230; 0,50\u20ac <\/p>\n\n\n\n<p><\/p>\n\n\n\n<p><\/p>\n\n\n\n<p><\/p>\n\n\n\n<p><\/p>\n\n\n\n<p><\/p>\n\n\n\n<hr class=\"wp-block-separator has-alpha-channel-opacity\"\/>\n\n\n\n<h3><\/h3>\n\n\n\n<p><\/p>\n\n\n\n<hr class=\"wp-block-separator has-alpha-channel-opacity\"\/>\n\n\n\n<p>Tambi\u00e9n para llevar 947 48 44 53<\/p>\n\n\n\n<hr class=\"wp-block-separator has-alpha-channel-opacity\"\/>\n","protected":false},"excerpt":{"rendered":"<p>Fuentes combinadas 1.- Huevos fritos, chorizo, morcilla, bacon y patatas 10,00 \u20ac 2.- Tortilla de jam\u00f3n y queso, croquetas, calamares, ensalada y patatas 10,00 \u20ac 3.- Tortilla de bonito, chorizo, morcilla, ensalada y patatas 10,00 \u20ac 4.- Lomo adobado, calamares, ensaladilla rusa, pimientos y patatas 11,00 \u20ac 5.- Filete de novillo, chorizo, morcilla, ensalada y &hellip; <\/p>\n<p class=\"link-more\"><a href=\"https:\/\/hotelasvegas.net\/index.php\/cafeteria\/\" class=\"more-link\">Read more<span class=\"screen-reader-text\"> \u00abCafeter\u00eda\u00bb<\/span><\/a><\/p>\n","protected":false},"author":1,"featured_media":168,"parent":0,"menu_order":0,"comment_status":"closed","ping_status":"closed","template":"","meta":[],"_links":{"self":[{"href":"https:\/\/hotelasvegas.net\/index.php\/wp-json\/wp\/v2\/pages\/63"}],"collection":[{"href":"https:\/\/hotelasvegas.net\/index.php\/wp-json\/wp\/v2\/pages"}],"about":[{"href":"https:\/\/hotelasvegas.net\/index.php\/wp-json\/wp\/v2\/types\/page"}],"author":[{"embeddable":true,"href":"https:\/\/hotelasvegas.net\/index.php\/wp-json\/wp\/v2\/users\/1"}],"replies":[{"embeddable":true,"href":"https:\/\/hotelasvegas.net\/index.php\/wp-json\/wp\/v2\/comments?post=63"}],"version-history":[{"count":9,"href":"https:\/\/hotelasvegas.net\/index.php\/wp-json\/wp\/v2\/pages\/63\/revisions"}],"predecessor-version":[{"id":229,"href":"https:\/\/hotelasvegas.net\/index.php\/wp-json\/wp\/v2\/pages\/63\/revisions\/229"}],"wp:featuredmedia":[{"embeddable":true,"href":"https:\/\/hotelasvegas.net\/index.php\/wp-json\/wp\/v2\/media\/168"}],"wp:attachment":[{"href":"https:\/\/hotelasvegas.net\/index.php\/wp-json\/wp\/v2\/media?parent=63"}],"curies":[{"name":"wp","href":"https:\/\/api.w.org\/{rel}","templated":true}]}}